{"id":64,"date":"2015-11-19T20:04:24","date_gmt":"2015-11-19T18:04:24","guid":{"rendered":"http:\/\/www.tgv-schotten.de\/trail\/?page_id=64"},"modified":"2023-11-10T10:18:36","modified_gmt":"2023-11-10T09:18:36","slug":"leistungen-2016","status":"publish","type":"page","link":"http:\/\/www.mengel.de\/trail\/leistungen-2016\/","title":{"rendered":"Leistungen"},"content":{"rendered":"\n<h2 class=\"wp-block-heading\">1. STARTERPAKETE<\/h2>\n\n\n\n<p style=\"font-size:26px\"><strong>T101<\/strong><\/p>\n\n\n\n<ul>\n<li>Startnummer+Chip f\u00fcr Zeitnahme<\/li>\n\n\n\n<li>Trailbook mit Reglement und komplettem Kartensatz der jeweilig best\u00e4tigten Strecke<\/li>\n\n\n\n<li>8 Strecken- und Zielverpflegung w\u00e4hrend des gesamten Rennens<\/li>\n\n\n\n<li>Finisher-Shirt<\/li>\n\n\n\n<li>Medaillen f\u00fcr alle Finisher im Zielbereich<\/li>\n\n\n\n<li>Kostenfreies Parken im Zielort Schotten<\/li>\n\n\n\n<li>Kleine Partnergeschenke<\/li>\n<\/ul>\n\n\n\n<p style=\"font-size:26px\"><strong>T71<\/strong><\/p>\n\n\n\n<ul>\n<li>Startnummer+Chip f\u00fcr Zeitnahme<\/li>\n\n\n\n<li>Trailbook mit Reglement und komplettem Kartensatz der jeweilig best\u00e4tigten Strecke<\/li>\n\n\n\n<li>6 Strecken- und Zielverpflegung w\u00e4hrend des gesamten Rennens<\/li>\n\n\n\n<li>Finisher-Shirt<\/li>\n\n\n\n<li>Medaillen f\u00fcr alle Finisher im Zielbereich<\/li>\n\n\n\n<li>Kostenfreies Parken im Zielort Schotten<\/li>\n\n\n\n<li>Kleine Partnergeschenke<\/li>\n<\/ul>\n\n\n\n<p style=\"font-size:26px\"><strong>T44<\/strong><\/p>\n\n\n\n<ul>\n<li>Startnummer+Chip f\u00fcr Zeitnahme<\/li>\n\n\n\n<li>Trailbook mit Reglement und komplettem Kartensatz der jeweilig best\u00e4tigten Strecke<\/li>\n\n\n\n<li>4 Strecken- und Zielverpflegung w\u00e4hrend des gesamten Rennens<\/li>\n\n\n\n<li>Finisher Shirt<\/li>\n\n\n\n<li>Medaillen f\u00fcr alle Finisher im Zielbereich<\/li>\n\n\n\n<li>Kostenfreier Kleidertransport vom Start in den Zielbereich<\/li>\n\n\n\n<li>Kostenfreies Parken im Zielort Schotten<\/li>\n\n\n\n<li>Kleine Partnergeschenke<\/li>\n\n\n\n<li>Shuttle zum Start von Schotten (Zusatzkosten 4,-\u20ac)<\/li>\n<\/ul>\n\n\n\n<p style=\"font-size:26px\"><strong>T21<\/strong><\/p>\n\n\n\n<ul>\n<li>Startnummer+Chip f\u00fcr Zeitnahme<\/li>\n\n\n\n<li>Trailbook mit Reglement und komplettem Kartensatz der jeweilig best\u00e4tigten Strecke<\/li>\n\n\n\n<li>3 Strecken- und Zielverpflegung w\u00e4hrend des gesamten Rennens<\/li>\n\n\n\n<li>Medaillen f\u00fcr alle Finisher im Zielbereich<\/li>\n\n\n\n<li>Kostenfreies Parken im Zielort Schotten<\/li>\n\n\n\n<li>Kostenfreier Kleidertransport vom Start in den Zielbereich<\/li>\n\n\n\n<li>Kleine Partnergeschenke<\/li>\n\n\n\n<li>Shuttle zum Start von Schotten (Zusatzkosten 4,-\u20ac)<\/li>\n<\/ul>\n\n\n\n<p style=\"font-size:26px\"><strong>T12<\/strong><\/p>\n\n\n\n<ul>\n<li>Startnummer+Chip f\u00fcr Zeitnahme<\/li>\n\n\n\n<li>2 Strecken- und Zielverpflegung w\u00e4hrend des gesamten Rennens<\/li>\n\n\n\n<li>Medaillen f\u00fcr alle Finisher im Zielbereich<\/li>\n\n\n\n<li>Kostenfreies Parken im Zielort Schotten<\/li>\n\n\n\n<li>Kostenfreier Kleidertransport vom Start in den Zielbereich<\/li>\n\n\n\n<li>Kleine Partnergeschenke<\/li>\n\n\n\n<li>Shuttle zum Start von Schotten (Zusatzkosten 4,-\u20ac)<\/li>\n<\/ul>\n\n\n\n<h2 class=\"wp-block-heading\">2. MEDICAL SUPPORT<\/h2>\n\n\n\n<ul>\n<li>Bergwacht: Not\u00e4rzte, Sanit\u00e4ter sind auf der Strecke und im Start- \/ Zielbereich)<\/li>\n\n\n\n<li>permanenter Kontakt zu den \u00f6rtlichen Rettungsleitstellen \u2013 Stationen<\/li>\n\n\n\n<li>Vor-, Zwischen und Schlu\u00dfl\u00e4ufer im L\u00e4uferfeld<\/li>\n\n\n\n<li>Streckenposten an markanten Stellen<\/li>\n<\/ul>\n\n\n\n<h2 class=\"wp-block-heading\">3. STARTGELD<br><\/h2>\n\n\n\n<figure class=\"wp-block-table\"><table><thead><tr><td><strong>Strecke<\/strong><\/td><td>&nbsp;<\/td><td><strong>bis 28.02.24<\/strong><\/td><td><strong>bis 26.05.24<\/strong><\/td><td><strong>Nachmeldung Vorort <\/strong><\/td><\/tr><\/thead><tbody><tr><td>T101<\/td><td>&nbsp;<\/td><td>75,00 \u20ac<\/td><td>80,00 \u20ac<\/td><td>90,00 \u20ac<\/td><\/tr><tr><td>T71<\/td><td>&nbsp;<\/td><td>60,00 \u20ac<\/td><td>65,00 \u20ac<\/td><td>80,00 \u20ac<\/td><\/tr><tr><td>T44<\/td><td>&nbsp;<\/td><td>50,00 \u20ac<\/td><td>55,00 \u20ac<\/td><td>65,00 \u20ac<\/td><\/tr><tr><td>T21<\/td><td>&nbsp;<\/td><td>35,00 \u20ac<\/td><td>40,00 \u20ac<\/td><td>50,00 \u20ac<\/td><\/tr><tr><td>T12<\/td><td>&nbsp;<\/td><td>15,00 \u20ac<\/td><td>17,00 \u20ac<\/td><td>20,00 \u20ac<\/td><\/tr><\/tbody><\/table><\/figure>\n\n\n\n<h2 class=\"wp-block-heading\">4. VERPFLEGUNG\/GETR\u00c4NKE<\/h2>\n\n\n\n<p>Jeder Teilnehmer bekommt&nbsp; an den Verpflegungsstellen Verpflegung kalt\/warm in ausreichendem Ma\u00dfe zur Verf\u00fcgung gestellt. Jeder Teilnehmer verpflichtet sich, keinerlei Abf\u00e4lle zu hinterlassen und die Umwelt nicht zu beeintr\u00e4chtigen. Bei Nichteinhaltung kann mit Disqualifikation gerechnet werden.<\/p>\n\n\n\n<p>WICHTIG: Auf den Verpflegungsstellen ist zwingend das Hygienkonzept einzuhalten.<\/p>\n\n\n\n<h2 class=\"wp-block-heading\">5. ERGEBNISDIENST<\/h2>\n\n\n\n<p>Nach jeder Etappe k\u00f6nnen die Ranglisten entweder auf https:\/\/vulkantrail-2023.racepedia.de\/ergebnisse eingesehen werden.<\/p>\n\n\n\n<h2 class=\"wp-block-heading\">6. GELD UND SACHPREISE<\/h2>\n\n\n\n<p>Insgesamt werden Geld- und Sachpreise im Wert von EUR 2.000,00 unter den Gesamtsiegern der einzelnen Kategorien ausgesch\u00fcttet. Ferner winken noch viele wertvolle Sachpreise.<\/p>\n\n\n\n<h2 class=\"wp-block-heading\">7. SIEGEREHRUNG\/FINISHER-PARTY<\/h2>\n\n\n\n<p>Die Siegerehrung der ersten 3 Gesamtsieger(innen) der Trails findet im Zielbereich statt. Uhrzeit siehe Programm. Die Urkunden k\u00f6nnen digital auf der Seite des Ergebnisdienst heruntergeladen werden. <\/p>\n","protected":false},"excerpt":{"rendered":"<p>1. STARTERPAKETE T101 T71 T44 T21 T12 2. MEDICAL SUPPORT 3. STARTGELD Strecke &nbsp; bis 28.02.24 bis 26.05.24 Nachmeldung Vorort T101 &nbsp; 75,00 \u20ac 80,00 \u20ac 90,00 \u20ac T71 &nbsp; 60,00 \u20ac 65,00 \u20ac 80,00 \u20ac T44 &nbsp; 50,00 \u20ac 55,00 \u20ac 65,00 \u20ac T21 &nbsp; 35,00 \u20ac 40,00 \u20ac 50,00 \u20ac T12 &nbsp; 15,00 &hellip; <a href=\"http:\/\/www.mengel.de\/trail\/leistungen-2016\/\" class=\"more-link\"><span class=\"screen-reader-text\">Leistungen<\/span> weiterlesen <span class=\"meta-nav\">&rarr;<\/span><\/a><\/p>\n","protected":false},"author":1,"featured_media":0,"parent":0,"menu_order":0,"comment_status":"closed","ping_status":"closed","template":"","meta":{"footnotes":""},"_links":{"self":[{"href":"http:\/\/www.mengel.de\/trail\/wp-json\/wp\/v2\/pages\/64"}],"collection":[{"href":"http:\/\/www.mengel.de\/trail\/wp-json\/wp\/v2\/pages"}],"about":[{"href":"http:\/\/www.mengel.de\/trail\/wp-json\/wp\/v2\/types\/page"}],"author":[{"embeddable":true,"href":"http:\/\/www.mengel.de\/trail\/wp-json\/wp\/v2\/users\/1"}],"replies":[{"embeddable":true,"href":"http:\/\/www.mengel.de\/trail\/wp-json\/wp\/v2\/comments?post=64"}],"version-history":[{"count":43,"href":"http:\/\/www.mengel.de\/trail\/wp-json\/wp\/v2\/pages\/64\/revisions"}],"predecessor-version":[{"id":940,"href":"http:\/\/www.mengel.de\/trail\/wp-json\/wp\/v2\/pages\/64\/revisions\/940"}],"wp:attachment":[{"href":"http:\/\/www.mengel.de\/trail\/wp-json\/wp\/v2\/media?parent=64"}],"curies":[{"name":"wp","href":"https:\/\/api.w.org\/{rel}","templated":true}]}}